{"id":2334,"date":"2017-03-15T04:49:29","date_gmt":"2017-03-15T04:49:29","guid":{"rendered":"http:\/\/demo.themeum.com\/wordpress\/educon\/?page_id=2334"},"modified":"2020-10-28T18:51:38","modified_gmt":"2020-10-28T17:51:38","slug":"nosaltres","status":"publish","type":"page","link":"http:\/\/arsvivabcn.com\/es\/nosaltres\/","title":{"rendered":"Ars Viva"},"content":{"rendered":"<section class=\"wpb-content-wrapper\"><div class=\"vc_row wpb_row vc_row-fluid vc_custom_1490336274146 vc_row-has-fill\" data-lang=\"Catalan\"><div class=\"wpb_column vc_column_container vc_col-sm-6\"><div class=\"vc_column-inner\"><div class=\"wpb_wrapper\">\n\t<div  class=\"wpb_single_image wpb_content_element vc_align_left\">\n\t\t\n\t\t<figure class=\"wpb_wrapper vc_figure\">\n\t\t\t<div class=\"vc_single_image-wrapper   vc_box_border_grey\"><img loading=\"lazy\" decoding=\"async\" width=\"2560\" height=\"1707\" src=\"http:\/\/arsvivabcn.com\/wp-content\/uploads\/2018\/05\/ben-konfrst-473903-unsplash-scaled.jpg\" class=\"vc_single_image-img attachment-full\" alt=\"\" title=\"ben-konfrst-473903-unsplash\" srcset=\"http:\/\/arsvivabcn.com\/wp-content\/uploads\/2018\/05\/ben-konfrst-473903-unsplash-scaled.jpg 2560w, http:\/\/arsvivabcn.com\/wp-content\/uploads\/2018\/05\/ben-konfrst-473903-unsplash-600x400.jpg 600w, http:\/\/arsvivabcn.com\/wp-content\/uploads\/2018\/05\/ben-konfrst-473903-unsplash-300x200.jpg 300w, http:\/\/arsvivabcn.com\/wp-content\/uploads\/2018\/05\/ben-konfrst-473903-unsplash-768x512.jpg 768w, http:\/\/arsvivabcn.com\/wp-content\/uploads\/2018\/05\/ben-konfrst-473903-unsplash-1024x683.jpg 1024w\" sizes=\"(max-width: 2560px) 100vw, 2560px\" \/><\/div>\n\t\t<\/figure>\n\t<\/div>\n<\/div><\/div><\/div><div class=\"wpb_column vc_column_container vc_col-sm-6\"><div class=\"vc_column-inner\"><div class=\"wpb_wrapper\">[themeum_title layout=&#8221;leftborder&#8221; alignment=&#8221;left&#8221; title=&#8221;Ars Viva. La nova escola de m\u00fasica de Barcelona&#8221; title_style=&#8221;customstyle&#8221; title_heading=&#8221;h2&#8243; title_size=&#8221;16&#8243; title_line_height=&#8221;0&#8243; title_color=&#8221;#000000&#8243; title_weight=&#8221;700&#8243; title_margin=&#8221;0 0px 26px 0px&#8221; title_padding=&#8221;0px&#8221;]\n\t<div class=\"wpb_text_column wpb_content_element \" >\n\t\t<div class=\"wpb_wrapper\">\n\t\t\t<p><span style=\"font-weight: 400;\">Som un equip de professors din\u00e0mic, amb una s\u00f2lida formaci\u00f3 i \u00e0mplia experi\u00e8ncia docent. Oferim un ensenyament musical personalitzat i adequat a les prefer\u00e8ncies i objectius d\u2019aprenentatge de cada persona. Ens adaptem a les necessitats educatives dels m\u00e9s petits aix\u00ed com a les de joves i adults i estem sempre oberts a la comunicaci\u00f3 amb l\u2019alumne i la seva fam\u00edlia.<\/span><\/p>\n<p><span style=\"font-weight: 400;\">Estem implicats i compromesos amb l\u2019ensenyament de la m\u00fasica, ja no nom\u00e9s perqu\u00e8 sigui per a nosaltres un mitj\u00e0 de vida, sin\u00f3 especialment perqu\u00e8 la valorem com una aportaci\u00f3 fonamental a la formaci\u00f3 integral de les persones. Aix\u00f2 fa que ens esforcem cada dia per fer millor la nostra feina i arribar millor als nostres alumnes, des d\u2019un sentit de responsabilitat i comprom\u00eds que ens caracteritza a cada un dels professors per separat i com a grup.<\/span><\/p>\n<p><span style=\"font-weight: 400;\">D\u2019altra banda, els professors d\u2019Ars viva tamb\u00e9 som m\u00fasics en actiu i promovem que el nostre alumnat, a m\u00e9s d\u2019aprendre, posi en pr\u00e0ctica els seus coneixements i habilitats i tamb\u00e9 comparteixi la seva m\u00fasica amb els altres. A Ars Viva la m\u00fasica est\u00e0 viva.<\/span><\/p>\n\n\t\t<\/div>\n\t<\/div>\n<\/div><\/div><\/div><\/div><div class=\"vc_row wpb_row vc_row-fluid\" data-lang=\"Catalan\"><div class=\"wpb_column vc_column_container vc_col-sm-4 vc_col-has-fill\"><div class=\"vc_column-inner vc_custom_1569509103696\"><div class=\"wpb_wrapper\">[themeum_title layout=&#8221;leftborder&#8221; alignment=&#8221;left&#8221; title=&#8221;Els nostres professors&#8221; title_style=&#8221;customstyle&#8221; title_heading=&#8221;h2&#8243; title_size=&#8221;16&#8243; title_line_height=&#8221;0&#8243; title_color=&#8221;#000000&#8243; title_weight=&#8221;700&#8243; title_margin=&#8221;0 0px 26px 0px&#8221; title_padding=&#8221;0px&#8221;][themeum_scholarship_offer alignment=&#8221;left&#8221; image=&#8221;4223&#8243; title_weight=&#8221;&#8221; sub_title_weight=&#8221;&#8221; link=&#8221;http:\/\/arsvivabcn.com\/professors&#8221;]<\/p>\n<p style=\"text-align: center;\"><span style=\"color: #e0bc2b;\"><a style=\"color: #e0bc2b;\" href=\"http:\/\/arsvivabcn.com\/professors\"><span style=\"font-size: 12pt; font-family: tahoma, arial, helvetica, sans-serif;\">M\u00e9s informaci\u00f3&gt;<\/span><\/a><\/span><\/p>\n<p>[\/themeum_scholarship_offer]<\/div><\/div><\/div><div class=\"wpb_column vc_column_container vc_col-sm-4 vc_col-has-fill\"><div class=\"vc_column-inner vc_custom_1569509086708\"><div class=\"wpb_wrapper\">[themeum_title layout=&#8221;leftborder&#8221; alignment=&#8221;left&#8221; title=&#8221;Oferta d&#8217;instruments&#8221; title_style=&#8221;customstyle&#8221; title_heading=&#8221;h2&#8243; title_size=&#8221;16&#8243; title_line_height=&#8221;0&#8243; title_color=&#8221;#000000&#8243; title_weight=&#8221;700&#8243; title_margin=&#8221;0 0px 26px 0px&#8221; title_padding=&#8221;0px&#8221;][themeum_scholarship_offer image=&#8221;4213&#8243; title_weight=&#8221;&#8221; sub_title_weight=&#8221;&#8221; link=&#8221;http:\/\/arsvivabcn.com\/classesindividuals&#8221; content_padding=&#8221;20px 30px 30px 30px&#8221;]<\/p>\n<p style=\"text-align: center;\"><span style=\"color: #dbb312;\"><a style=\"color: #dbb312;\" href=\"http:\/\/arsvivabcn.com\/classes-individuals\"><span style=\"font-size: 12pt; font-family: tahoma, arial, helvetica, sans-serif;\">M\u00e9s informaci\u00f3&gt;<\/span><\/a><\/span><\/p>\n<p>[\/themeum_scholarship_offer]<\/div><\/div><\/div><div class=\"wpb_column vc_column_container vc_col-sm-4 vc_col-has-fill\"><div class=\"vc_column-inner vc_custom_1569509073851\"><div class=\"wpb_wrapper\">[themeum_title layout=&#8221;leftborder&#8221; alignment=&#8221;left&#8221; title=&#8221;Descobrint la m\u00fasica&#8221; title_style=&#8221;customstyle&#8221; title_heading=&#8221;h2&#8243; title_size=&#8221;16&#8243; title_line_height=&#8221;0&#8243; title_color=&#8221;#000000&#8243; title_weight=&#8221;700&#8243; title_margin=&#8221;0 0px 26px 0px&#8221; title_padding=&#8221;0px&#8221;][themeum_scholarship_offer image=&#8221;4355&#8243; title_weight=&#8221;&#8221; sub_title_weight=&#8221;&#8221; link=&#8221;http:\/\/arsvivabcn.com\/descobrint&#8221; content_padding=&#8221;20px 30px 30px 30px&#8221;]<\/p>\n<p style=\"text-align: center;\"><span style=\"color: #d4b642;\"><a style=\"color: #d4b642;\" href=\"http:\/\/arsvivabcn.com\/descobrint\"><span style=\"font-size: 12pt; font-family: tahoma, arial, helvetica, sans-serif;\">M\u00e9s informaci\u00f3&gt;<\/span><\/a><\/span><\/p>\n<p>[\/themeum_scholarship_offer]<\/div><\/div><\/div><\/div><div class=\"vc_row wpb_row vc_row-fluid\" data-lang=\"Catalan\"><div class=\"wpb_column vc_column_container vc_col-sm-4\"><div class=\"vc_column-inner\"><div class=\"wpb_wrapper\"><\/div><\/div><\/div><div class=\"wpb_column vc_column_container vc_col-sm-4\"><div class=\"vc_column-inner\"><div class=\"wpb_wrapper\"><\/div><\/div><\/div><div class=\"wpb_column vc_column_container vc_col-sm-4\"><div class=\"vc_column-inner\"><div class=\"wpb_wrapper\"><\/div><\/div><\/div><\/div>\n<\/section>","protected":false},"excerpt":{"rendered":"[themeum_title layout=\"leftborder\" alignment=\"left\" title=\"Ars Viva. La nova escola de m\u00fasica de Barcelona\" title_style=\"customstyle\" title_heading=\"h2\" title_size=\"16\" title_line_height=\"0\" title_color=\"#000000\" title_weight=\"700\" title_margin=\"0 0px 26px 0px\" title_padding=\"0px\"] Som un equip de professors din\u00e0mic, amb [...]","protected":false},"author":1,"featured_media":0,"parent":0,"menu_order":0,"comment_status":"closed","ping_status":"closed","template":"","meta":{"_et_pb_use_builder":"","_et_pb_old_content":"","_et_gb_content_width":"","om_disable_all_campaigns":false,"_monsterinsights_skip_tracking":false,"_monsterinsights_sitenote_active":false,"_monsterinsights_sitenote_note":"","_monsterinsights_sitenote_category":0,"_price":"","_stock":"","_tribe_ticket_header":"","_tribe_default_ticket_provider":"","_tribe_ticket_capacity":"0","_ticket_start_date":"","_ticket_end_date":"","_tribe_ticket_show_description":"","_tribe_ticket_show_not_going":false,"_tribe_ticket_use_global_stock":"","_tribe_ticket_global_stock_level":"","_global_stock_mode":"","_global_stock_cap":"","_tribe_rsvp_for_event":"","_tribe_ticket_going_count":"","_tribe_ticket_not_going_count":"","_tribe_tickets_list":"[]","_tribe_ticket_has_attendee_info_fields":false,"_EventAllDay":false,"_EventTimezone":"","_EventStartDate":"","_EventEndDate":"","_EventStartDateUTC":"","_EventEndDateUTC":"","_EventShowMap":false,"_EventShowMapLink":false,"_EventURL":"","_EventCost":"","_EventCostDescription":"","_EventCurrencySymbol":"","_EventCurrencyCode":"","_EventCurrencyPosition":"","_EventDateTimeSeparator":"","_EventTimeRangeSeparator":"","_EventOrganizerID":[],"_EventVenueID":[],"_OrganizerEmail":"","_OrganizerPhone":"","_OrganizerWebsite":"","_VenueAddress":"","_VenueCity":"","_VenueCountry":"","_VenueProvince":"","_VenueState":"","_VenueZip":"","_VenuePhone":"","_VenueURL":"","_VenueStateProvince":"","_VenueLat":"","_VenueLng":"","_VenueShowMap":false,"_VenueShowMapLink":false,"footnotes":"","_tec_slr_enabled":"","_tec_slr_layout":""},"class_list":["post-2334","page","type-page","status-publish","hentry"],"aioseo_notices":[],"ticketed":false,"_links":{"self":[{"href":"http:\/\/arsvivabcn.com\/es\/wp-json\/wp\/v2\/pages\/2334","targetHints":{"allow":["GET"]}}],"collection":[{"href":"http:\/\/arsvivabcn.com\/es\/wp-json\/wp\/v2\/pages"}],"about":[{"href":"http:\/\/arsvivabcn.com\/es\/wp-json\/wp\/v2\/types\/page"}],"author":[{"embeddable":true,"href":"http:\/\/arsvivabcn.com\/es\/wp-json\/wp\/v2\/users\/1"}],"replies":[{"embeddable":true,"href":"http:\/\/arsvivabcn.com\/es\/wp-json\/wp\/v2\/comments?post=2334"}],"version-history":[{"count":0,"href":"http:\/\/arsvivabcn.com\/es\/wp-json\/wp\/v2\/pages\/2334\/revisions"}],"wp:attachment":[{"href":"http:\/\/arsvivabcn.com\/es\/wp-json\/wp\/v2\/media?parent=2334"}],"curies":[{"name":"wp","href":"https:\/\/api.w.org\/{rel}","templated":true}]}}