{"id":12249,"date":"2024-08-07T19:39:59","date_gmt":"2024-08-07T17:39:59","guid":{"rendered":"https:\/\/arsvivabcn.com\/?page_id=12249"},"modified":"2024-08-07T19:39:59","modified_gmt":"2024-08-07T17:39:59","slug":"blog","status":"publish","type":"page","link":"https:\/\/arsvivabcn.com\/es\/blog\/","title":{"rendered":"Blog"},"content":{"rendered":"<p>[et_pb_section fb_built=&#8221;1&#8243; admin_label=&#8221;Hero &#038; Blog&#8221; _builder_version=&#8221;4.26.1&#8243; _module_preset=&#8221;08b1acbd-adeb-4751-8314-6b97d0ce2141&#8243; hover_enabled=&#8221;0&#8243; collapsed=&#8221;on&#8221; global_colors_info=&#8221;{}&#8221;][et_pb_row _builder_version=&#8221;4.26.1&#8243; _module_preset=&#8221;default&#8221; hover_enabled=&#8221;0&#8243; global_colors_info=&#8221;{}&#8221;][et_pb_column type=&#8221;4_4&#8243; _builder_version=&#8221;4.26.1&#8243; _module_preset=&#8221;default&#8221; hover_enabled=&#8221;0&#8243; global_colors_info=&#8221;{}&#8221;][et_pb_heading title=&#8221;Blog&#8221; _builder_version=&#8221;4.26.1&#8243; _module_preset=&#8221;fc157b05-ff80-40bb-8c7c-4216843f6274&#8243; title_text_align=&#8221;center&#8221; title_text_color=&#8221;#FFFFFF&#8221; hover_enabled=&#8221;0&#8243; global_colors_info=&#8221;{}&#8221;][\/et_pb_heading][et_pb_post_slider posts_number=&#8221;3&#8243; include_categories=&#8221;16,18,17,24&#8243; offset_number=&#8221;0&#8243; _builder_version=&#8221;4.26.1&#8243; _module_preset=&#8221;b6b15987-11cc-455d-87fd-9583e3c52d27&#8243; custom_margin=&#8221;||60px||false|false&#8221; hover_enabled=&#8221;0&#8243; global_colors_info=&#8221;{}&#8221;][\/et_pb_post_slider][et_pb_blog posts_number=&#8221;9&#8243; include_categories=&#8221;16,18,24&#8243; offset_number=&#8221;3&#8243; _builder_version=&#8221;4.26.1&#8243; _module_preset=&#8221;ec043eac-6321-46ef-9f77-d957bfe4e6fc&#8221; hover_enabled=&#8221;0&#8243; global_colors_info=&#8221;{}&#8221;][\/et_pb_blog][\/et_pb_column][\/et_pb_row][\/et_pb_section][et_pb_section fb_built=&#8221;1&#8243; admin_label=&#8221;Subscribe&#8221; _builder_version=&#8221;4.26.1&#8243; _module_preset=&#8221;08b1acbd-adeb-4751-8314-6b97d0ce2141&#8243; hover_enabled=&#8221;0&#8243; locked=&#8221;off&#8221; collapsed=&#8221;on&#8221; global_colors_info=&#8221;{}&#8221;][et_pb_row _builder_version=&#8221;4.26.1&#8243; _module_preset=&#8221;b51fd1b6-9388-4516-ad6c-8392ec82a50a&#8221; hover_enabled=&#8221;0&#8243; global_colors_info=&#8221;{}&#8221;][et_pb_column type=&#8221;4_4&#8243; _builder_version=&#8221;4.26.1&#8243; _module_preset=&#8221;default&#8221; hover_enabled=&#8221;0&#8243; global_colors_info=&#8221;{}&#8221;][et_pb_signup mailchimp_list=&#8221;undefined|undefined|&#8221; first_name_field=&#8221;off&#8221; last_name_field=&#8221;off&#8221; title=&#8221;Join Our Newsletter For Daily Business Resources&#8221; description=&#8221;<\/p>\n<p>Stay informed and ahead of the curve with %91Company Name%93&#8217;s newsletter. Subscribe to receive the latest updates, expert insights, and exclusive content directly in your inbox. <\/p>\n<p>&#8221; _builder_version=&#8221;4.26.1&#8243; _module_preset=&#8221;70201479-af8b-4f49-b5ee-95b4e729b23f&#8221; hover_enabled=&#8221;0&#8243; global_colors_info=&#8221;{}&#8221;][\/et_pb_signup][\/et_pb_column][\/et_pb_row][\/et_pb_section]<\/p>\n","protected":false},"excerpt":{"rendered":"Blog No se encontraron resultados La p\u00e1gina solicitada no pudo encontrarse. Trate de perfeccionar su b\u00fasqueda o utilice la navegaci\u00f3n para localizar la entrada. No se encontraron resultados La p\u00e1gina [...]","protected":false},"author":1,"featured_media":0,"parent":0,"menu_order":0,"comment_status":"closed","ping_status":"closed","template":"","meta":{"_et_pb_use_builder":"on","_et_pb_old_content":"","_et_gb_content_width":"","om_disable_all_campaigns":false,"_monsterinsights_skip_tracking":false,"_monsterinsights_sitenote_active":false,"_monsterinsights_sitenote_note":"","_monsterinsights_sitenote_category":0,"_price":"","_stock":"","_tribe_ticket_header":"","_tribe_default_ticket_provider":"","_tribe_ticket_capacity":"0","_ticket_start_date":"","_ticket_end_date":"","_tribe_ticket_show_description":"","_tribe_ticket_show_not_going":false,"_tribe_ticket_use_global_stock":"","_tribe_ticket_global_stock_level":"","_global_stock_mode":"","_global_stock_cap":"","_tribe_rsvp_for_event":"","_tribe_ticket_going_count":"","_tribe_ticket_not_going_count":"","_tribe_tickets_list":"[]","_tribe_ticket_has_attendee_info_fields":false,"_EventAllDay":false,"_EventTimezone":"","_EventStartDate":"","_EventEndDate":"","_EventStartDateUTC":"","_EventEndDateUTC":"","_EventShowMap":false,"_EventShowMapLink":false,"_EventURL":"","_EventCost":"","_EventCostDescription":"","_EventCurrencySymbol":"","_EventCurrencyCode":"","_EventCurrencyPosition":"","_EventDateTimeSeparator":"","_EventTimeRangeSeparator":"","_EventOrganizerID":[],"_EventVenueID":[],"_OrganizerEmail":"","_OrganizerPhone":"","_OrganizerWebsite":"","_VenueAddress":"","_VenueCity":"","_VenueCountry":"","_VenueProvince":"","_VenueState":"","_VenueZip":"","_VenuePhone":"","_VenueURL":"","_VenueStateProvince":"","_VenueLat":"","_VenueLng":"","_VenueShowMap":false,"_VenueShowMapLink":false,"footnotes":"","_tec_slr_enabled":"","_tec_slr_layout":""},"class_list":["post-12249","page","type-page","status-publish","hentry"],"aioseo_notices":[],"ticketed":false,"_links":{"self":[{"href":"https:\/\/arsvivabcn.com\/es\/wp-json\/wp\/v2\/pages\/12249","targetHints":{"allow":["GET"]}}],"collection":[{"href":"https:\/\/arsvivabcn.com\/es\/wp-json\/wp\/v2\/pages"}],"about":[{"href":"https:\/\/arsvivabcn.com\/es\/wp-json\/wp\/v2\/types\/page"}],"author":[{"embeddable":true,"href":"https:\/\/arsvivabcn.com\/es\/wp-json\/wp\/v2\/users\/1"}],"replies":[{"embeddable":true,"href":"https:\/\/arsvivabcn.com\/es\/wp-json\/wp\/v2\/comments?post=12249"}],"version-history":[{"count":1,"href":"https:\/\/arsvivabcn.com\/es\/wp-json\/wp\/v2\/pages\/12249\/revisions"}],"predecessor-version":[{"id":12271,"href":"https:\/\/arsvivabcn.com\/es\/wp-json\/wp\/v2\/pages\/12249\/revisions\/12271"}],"wp:attachment":[{"href":"https:\/\/arsvivabcn.com\/es\/wp-json\/wp\/v2\/media?parent=12249"}],"curies":[{"name":"wp","href":"https:\/\/api.w.org\/{rel}","templated":true}]}}