{"id":2311,"date":"2017-03-14T08:59:24","date_gmt":"2017-03-14T07:59:24","guid":{"rendered":"http:\/\/demo.themeum.com\/wordpress\/educon\/?page_id=2311"},"modified":"2025-03-30T00:51:25","modified_gmt":"2025-03-29T23:51:25","slug":"tallers","status":"publish","type":"page","link":"https:\/\/arsvivabcn.com\/es\/tallers\/","title":{"rendered":"Tallers"},"content":{"rendered":"<p>[et_pb_section fb_built=&#8221;1&#8243; admin_label=&#8221;section&#8221; _builder_version=&#8221;4.16&#8243; global_colors_info=&#8221;{}&#8221;][et_pb_row admin_label=&#8221;row&#8221; _builder_version=&#8221;4.16&#8243; background_size=&#8221;initial&#8221; background_position=&#8221;top_left&#8221; background_repeat=&#8221;repeat&#8221; hover_enabled=&#8221;0&#8243; global_colors_info=&#8221;{}&#8221; sticky_enabled=&#8221;0&#8243;][et_pb_column type=&#8221;4_4&#8243; _builder_version=&#8221;4.16&#8243; custom_padding=&#8221;|||&#8221; global_colors_info=&#8221;{}&#8221; custom_padding__hover=&#8221;|||&#8221;][et_pb_text admin_label=&#8221;Text&#8221; _builder_version=&#8221;4.27.4&#8243; background_size=&#8221;initial&#8221; background_position=&#8221;top_left&#8221; background_repeat=&#8221;repeat&#8221; hover_enabled=&#8221;0&#8243; global_colors_info=&#8221;{}&#8221; sticky_enabled=&#8221;0&#8243;]<\/p>\n<p><span>\ud83d\udd27\u00a0<\/span><strong>Aquesta p\u00e0gina est\u00e0 en proc\u00e9s d\u2019actualitzaci\u00f3!<\/strong><br \/><span>Estem treballant per oferir-te una millor experi\u00e8ncia. Disculpa les mol\u00e8sties.<\/span><\/p>\n<p>[\/et_pb_text][\/et_pb_column][\/et_pb_row][\/et_pb_section]<\/p>\n","protected":false},"excerpt":{"rendered":"<p>\ud83d\udd27\u00a0Aquesta p\u00e0gina est\u00e0 en proc\u00e9s d\u2019actualitzaci\u00f3!Estem treballant per oferir-te una millor experi\u00e8ncia. Disculpa les mol\u00e8sties.<\/p>","protected":false},"author":1,"featured_media":0,"parent":0,"menu_order":0,"comment_status":"closed","ping_status":"closed","template":"","meta":{"_et_pb_use_builder":"on","_et_pb_old_content":"[vc_row][vc_column][themeum_title layout=\"leftborder\" alignment=\"left\" title=\"Tallers oberts al barri\" title_style=\"standardstyle\" title_heading=\"h3\" sub_title_style=\"standardstylesub\" sub_title_heading=\"span\"][vc_separator][educon_events layout=\"layout2\" event_cat=\"tallers-oberts-al-barri\"][\/vc_column][\/vc_row][vc_row][vc_column][themeum_title layout=\"leftborder\" alignment=\"left\" title=\"Tallers Ars Viva\" title_style=\"standardstyle\" title_heading=\"h3\" sub_title_style=\"standardstylesub\" sub_title_heading=\"h3\"][vc_separator][educon_events layout=\"layout2\" event_cat=\"tallers-ars-viva\"][\/vc_column][\/vc_row][vc_row][vc_column][themeum_title layout=\"leftborder\" alignment=\"left\" title=\"Tallers anteriors\" title_style=\"standardstyle\" title_heading=\"h3\" sub_title_style=\"standardstylesub\" sub_title_heading=\"h3\"][vc_separator][educon_past_events layoout=\"layout1\" event_cat=\"talleres\"][\/vc_column][\/vc_row]","_et_gb_content_width":"","om_disable_all_campaigns":false,"_monsterinsights_skip_tracking":false,"_monsterinsights_sitenote_active":false,"_monsterinsights_sitenote_note":"","_monsterinsights_sitenote_category":0,"_price":"","_stock":"","_tribe_ticket_header":"","_tribe_default_ticket_provider":"Tribe__Tickets__Commerce__PayPal__Main","_tribe_ticket_capacity":"0","_ticket_start_date":"","_ticket_end_date":"","_tribe_ticket_show_description":"","_tribe_ticket_show_not_going":false,"_tribe_ticket_use_global_stock":"","_tribe_ticket_global_stock_level":"","_global_stock_mode":"","_global_stock_cap":"","_tribe_rsvp_for_event":"","_tribe_ticket_going_count":"","_tribe_ticket_not_going_count":"","_tribe_tickets_list":"[]","_tribe_ticket_has_attendee_info_fields":false,"_EventAllDay":false,"_EventTimezone":"","_EventStartDate":"","_EventEndDate":"","_EventStartDateUTC":"","_EventEndDateUTC":"","_EventShowMap":false,"_EventShowMapLink":false,"_EventURL":"","_EventCost":"","_EventCostDescription":"","_EventCurrencySymbol":"","_EventCurrencyCode":"","_EventCurrencyPosition":"","_EventDateTimeSeparator":"","_EventTimeRangeSeparator":"","_EventOrganizerID":[],"_EventVenueID":[],"_OrganizerEmail":"","_OrganizerPhone":"","_OrganizerWebsite":"","_VenueAddress":"","_VenueCity":"","_VenueCountry":"","_VenueProvince":"","_VenueState":"","_VenueZip":"","_VenuePhone":"","_VenueURL":"","_VenueStateProvince":"","_VenueLat":"","_VenueLng":"","_VenueShowMap":false,"_VenueShowMapLink":false,"footnotes":"","_tec_slr_enabled":"","_tec_slr_layout":""},"class_list":["post-2311","page","type-page","status-publish","hentry"],"aioseo_notices":[],"ticketed":false,"_links":{"self":[{"href":"https:\/\/arsvivabcn.com\/es\/wp-json\/wp\/v2\/pages\/2311","targetHints":{"allow":["GET"]}}],"collection":[{"href":"https:\/\/arsvivabcn.com\/es\/wp-json\/wp\/v2\/pages"}],"about":[{"href":"https:\/\/arsvivabcn.com\/es\/wp-json\/wp\/v2\/types\/page"}],"author":[{"embeddable":true,"href":"https:\/\/arsvivabcn.com\/es\/wp-json\/wp\/v2\/users\/1"}],"replies":[{"embeddable":true,"href":"https:\/\/arsvivabcn.com\/es\/wp-json\/wp\/v2\/comments?post=2311"}],"version-history":[{"count":3,"href":"https:\/\/arsvivabcn.com\/es\/wp-json\/wp\/v2\/pages\/2311\/revisions"}],"predecessor-version":[{"id":12630,"href":"https:\/\/arsvivabcn.com\/es\/wp-json\/wp\/v2\/pages\/2311\/revisions\/12630"}],"wp:attachment":[{"href":"https:\/\/arsvivabcn.com\/es\/wp-json\/wp\/v2\/media?parent=2311"}],"curies":[{"name":"wp","href":"https:\/\/api.w.org\/{rel}","templated":true}]}}