{"id":3606,"date":"2017-10-03T09:11:43","date_gmt":"2017-10-03T09:11:43","guid":{"rendered":"http:\/\/demo.themeum.com\/wordpress\/educon\/shop\/"},"modified":"2025-03-30T00:29:52","modified_gmt":"2025-03-29T23:29:52","slug":"botiga_nova","status":"publish","type":"page","link":"https:\/\/arsvivabcn.com\/es\/botiga_nova\/","title":{"rendered":"Botiga"},"content":{"rendered":"<p>[et_pb_section fb_built=&#8221;1&#8243; _builder_version=&#8221;4.27.0&#8243; _module_preset=&#8221;default&#8221; global_colors_info=&#8221;{}&#8221;][et_pb_row _builder_version=&#8221;4.27.0&#8243; _module_preset=&#8221;default&#8221; global_colors_info=&#8221;{}&#8221;][et_pb_column type=&#8221;4_4&#8243; _builder_version=&#8221;4.27.0&#8243; _module_preset=&#8221;default&#8221; global_colors_info=&#8221;{}&#8221;][et_pb_accordion _builder_version=&#8221;4.27.4&#8243; _module_preset=&#8221;default&#8221; hover_enabled=&#8221;0&#8243; global_colors_info=&#8221;{}&#8221; body_text_color=&#8221;#000000&#8243; sticky_enabled=&#8221;0&#8243;][et_pb_accordion_item title=&#8221;Botiga&#8221; open=&#8221;on&#8221; open_toggle_text_color=&#8221;#000000&#8243; _builder_version=&#8221;4.27.0&#8243; _module_preset=&#8221;default&#8221; body_text_color=&#8221;#000000&#8243; global_colors_info=&#8221;{}&#8221; toggle_text_color=&#8221;#000000&#8243;]<\/p>\n<p>\ud83d\udd27 <strong>Aquesta p\u00e0gina est\u00e0 en proc\u00e9s d\u2019actualitzaci\u00f3!<\/strong><br \/>Estem treballant per oferir-te una millor experi\u00e8ncia. Disculpa les mol\u00e8sties.<\/p>\n<p>[\/et_pb_accordion_item][\/et_pb_accordion][\/et_pb_column][\/et_pb_row][\/et_pb_section]<\/p>\n","protected":false},"excerpt":{"rendered":"<p>\ud83d\udd27 Aquesta p\u00e0gina est\u00e0 en proc\u00e9s d\u2019actualitzaci\u00f3!Estem treballant per oferir-te una millor experi\u00e8ncia. Disculpa les mol\u00e8sties.<\/p>","protected":false},"author":1,"featured_media":0,"parent":0,"menu_order":0,"comment_status":"closed","ping_status":"closed","template":"","meta":{"_et_pb_use_builder":"on","_et_pb_old_content":"","_et_gb_content_width":"","om_disable_all_campaigns":false,"_monsterinsights_skip_tracking":false,"_monsterinsights_sitenote_active":false,"_monsterinsights_sitenote_note":"","_monsterinsights_sitenote_category":0,"_price":"","_stock":"","_tribe_ticket_header":"","_tribe_default_ticket_provider":"","_tribe_ticket_capacity":"0","_ticket_start_date":"","_ticket_end_date":"","_tribe_ticket_show_description":"","_tribe_ticket_show_not_going":false,"_tribe_ticket_use_global_stock":"","_tribe_ticket_global_stock_level":"","_global_stock_mode":"","_global_stock_cap":"","_tribe_rsvp_for_event":"","_tribe_ticket_going_count":"","_tribe_ticket_not_going_count":"","_tribe_tickets_list":"[]","_tribe_ticket_has_attendee_info_fields":false,"_EventAllDay":false,"_EventTimezone":"","_EventStartDate":"","_EventEndDate":"","_EventStartDateUTC":"","_EventEndDateUTC":"","_EventShowMap":false,"_EventShowMapLink":false,"_EventURL":"","_EventCost":"","_EventCostDescription":"","_EventCurrencySymbol":"","_EventCurrencyCode":"","_EventCurrencyPosition":"","_EventDateTimeSeparator":"","_EventTimeRangeSeparator":"","_EventOrganizerID":[],"_EventVenueID":[],"_OrganizerEmail":"","_OrganizerPhone":"","_OrganizerWebsite":"","_VenueAddress":"","_VenueCity":"","_VenueCountry":"","_VenueProvince":"","_VenueState":"","_VenueZip":"","_VenuePhone":"","_VenueURL":"","_VenueStateProvince":"","_VenueLat":"","_VenueLng":"","_VenueShowMap":false,"_VenueShowMapLink":false,"footnotes":"","_tec_slr_enabled":"","_tec_slr_layout":""},"class_list":["post-3606","page","type-page","status-publish","hentry"],"aioseo_notices":[],"ticketed":false,"_links":{"self":[{"href":"https:\/\/arsvivabcn.com\/es\/wp-json\/wp\/v2\/pages\/3606","targetHints":{"allow":["GET"]}}],"collection":[{"href":"https:\/\/arsvivabcn.com\/es\/wp-json\/wp\/v2\/pages"}],"about":[{"href":"https:\/\/arsvivabcn.com\/es\/wp-json\/wp\/v2\/types\/page"}],"author":[{"embeddable":true,"href":"https:\/\/arsvivabcn.com\/es\/wp-json\/wp\/v2\/users\/1"}],"replies":[{"embeddable":true,"href":"https:\/\/arsvivabcn.com\/es\/wp-json\/wp\/v2\/comments?post=3606"}],"version-history":[{"count":6,"href":"https:\/\/arsvivabcn.com\/es\/wp-json\/wp\/v2\/pages\/3606\/revisions"}],"predecessor-version":[{"id":12622,"href":"https:\/\/arsvivabcn.com\/es\/wp-json\/wp\/v2\/pages\/3606\/revisions\/12622"}],"wp:attachment":[{"href":"https:\/\/arsvivabcn.com\/es\/wp-json\/wp\/v2\/media?parent=3606"}],"curies":[{"name":"wp","href":"https:\/\/api.w.org\/{rel}","templated":true}]}}